{"id":18,"date":"2025-08-03T13:29:18","date_gmt":"2025-08-03T11:29:18","guid":{"rendered":"https:\/\/www.talentorbit.de\/?page_id=18"},"modified":"2026-04-10T13:55:59","modified_gmt":"2026-04-10T11:55:59","slug":"download","status":"publish","type":"page","link":"https:\/\/www.talentorbit.de\/en\/download\/","title":{"rendered":"Download"},"content":{"rendered":"<p>Welcome to our download page for the accelerated skilled worker procedure in accordance with $\\S 81a$ Residence Act (AufenthG). In order to make the process of recruiting your international skilled workers and their families as quick and smooth as possible, we require various legally binding authorizations and declarations. These documents authorize us to conduct the procedure with the responsible immigration authority on your behalf. Please download the required forms, have them signed by the specialist and, if applicable, the family members, and return the complete documents to us. The documents are sorted by target group (professional, spouse, children).<\/p>\n<p>Downloads: Accelerated skilled worker procedure according to \u00a7 81a AufenthG<\/p>\n<p>Applying for a visa for your international skilled workers in Germany can be a complex process. In order to start the accelerated skilled worker procedure (\u00a781a AufenthG) and to simplify communication with the Central Office for Skilled Immigration (ZFE), you will need the following authorizations and declarations.<\/p>\n<p>Please download the relevant documents, fill them out carefully and forward them to us.<\/p>","protected":false},"excerpt":{"rendered":"Welcome to our download page for the accelerated specialist procedure according to$\u00a7 81a $ Residence Act (AufenthG). To make the process of bringing your international specialists and their families to you as quick and smooth as possible, we need various legally binding power of attorney forms and declarations. These documents authorize us to conduct the procedure with the competent immigration authority on your behalf. <a class=\"view-article\" href=\"https:\/\/www.talentorbit.de\/en\/download\/\">Read more<\/a>","protected":false},"author":1,"featured_media":0,"parent":0,"menu_order":50,"comment_status":"closed","ping_status":"closed","template":"","meta":{"_acf_changed":false,"footnotes":""},"class_list":["post-18","page","type-page","status-publish","hentry"],"acf":[],"yoast_head":"<!-- This site is optimized with the Yoast SEO plugin v27.5 - https:\/\/yoast.com\/product\/yoast-seo-wordpress\/ -->\n<title>Download - TalentOrbit<\/title>\n<meta name=\"description\" content=\"Hier wichtige Checklisten &amp; Leitf\u00e4den zur Pflegekr\u00e4fte-Vermittlung herunterladen. Sichern Sie sich Experten-Tipps f\u00fcr ein schnelles Fachkr\u00e4fteverfahren!\" \/>\n<meta name=\"robots\" content=\"index, follow, max-snippet:-1, max-image-preview:large, max-video-preview:-1\" \/>\n<link rel=\"canonical\" href=\"https:\/\/www.talentorbit.de\/en\/download\/\" \/>\n<meta property=\"og:locale\" content=\"en_US\" \/>\n<meta property=\"og:type\" content=\"article\" \/>\n<meta property=\"og:title\" content=\"Download - TalentOrbit\" \/>\n<meta property=\"og:description\" content=\"Hier wichtige Checklisten &amp; Leitf\u00e4den zur Pflegekr\u00e4fte-Vermittlung herunterladen. Sichern Sie sich Experten-Tipps f\u00fcr ein schnelles Fachkr\u00e4fteverfahren!\" \/>\n<meta property=\"og:url\" content=\"https:\/\/www.talentorbit.de\/en\/download\/\" \/>\n<meta property=\"og:site_name\" content=\"TalentOrbit\" \/>\n<meta property=\"article:modified_time\" content=\"2026-04-10T11:55:59+00:00\" \/>\n<meta property=\"og:image\" content=\"https:\/\/www.talentorbit.de\/wp-content\/uploads\/logo-gross.png\" \/>\n\t<meta property=\"og:image:width\" content=\"600\" \/>\n\t<meta property=\"og:image:height\" content=\"166\" \/>\n\t<meta property=\"og:image:type\" content=\"image\/png\" \/>\n<meta name=\"twitter:card\" content=\"summary_large_image\" \/>\n<meta name=\"twitter:label1\" content=\"Est. reading time\" \/>\n\t<meta name=\"twitter:data1\" content=\"1 minute\" \/>\n<script type=\"application\/ld+json\" class=\"yoast-schema-graph\">{\"@context\":\"https:\\\/\\\/schema.org\",\"@graph\":[{\"@type\":\"WebPage\",\"@id\":\"https:\\\/\\\/www.talentorbit.de\\\/download\\\/\",\"url\":\"https:\\\/\\\/www.talentorbit.de\\\/download\\\/\",\"name\":\"Download - TalentOrbit\",\"isPartOf\":{\"@id\":\"https:\\\/\\\/www.talentorbit.de\\\/#website\"},\"datePublished\":\"2025-08-03T11:29:18+00:00\",\"dateModified\":\"2026-04-10T11:55:59+00:00\",\"description\":\"Hier wichtige Checklisten & Leitf\u00e4den zur Pflegekr\u00e4fte-Vermittlung herunterladen. Sichern Sie sich Experten-Tipps f\u00fcr ein schnelles Fachkr\u00e4fteverfahren!\",\"breadcrumb\":{\"@id\":\"https:\\\/\\\/www.talentorbit.de\\\/download\\\/#breadcrumb\"},\"inLanguage\":\"en-US\",\"potentialAction\":[{\"@type\":\"ReadAction\",\"target\":[\"https:\\\/\\\/www.talentorbit.de\\\/download\\\/\"]}]},{\"@type\":\"BreadcrumbList\",\"@id\":\"https:\\\/\\\/www.talentorbit.de\\\/download\\\/#breadcrumb\",\"itemListElement\":[{\"@type\":\"ListItem\",\"position\":1,\"name\":\"Home\",\"item\":\"https:\\\/\\\/www.talentorbit.de\\\/\"},{\"@type\":\"ListItem\",\"position\":2,\"name\":\"Download\"}]},{\"@type\":\"WebSite\",\"@id\":\"https:\\\/\\\/www.talentorbit.de\\\/#website\",\"url\":\"https:\\\/\\\/www.talentorbit.de\\\/\",\"name\":\"TalentOrbit\",\"description\":\"\",\"publisher\":{\"@id\":\"https:\\\/\\\/www.talentorbit.de\\\/#organization\"},\"potentialAction\":[{\"@type\":\"SearchAction\",\"target\":{\"@type\":\"EntryPoint\",\"urlTemplate\":\"https:\\\/\\\/www.talentorbit.de\\\/?s={search_term_string}\"},\"query-input\":{\"@type\":\"PropertyValueSpecification\",\"valueRequired\":true,\"valueName\":\"search_term_string\"}}],\"inLanguage\":\"en-US\"},{\"@type\":\"Organization\",\"@id\":\"https:\\\/\\\/www.talentorbit.de\\\/#organization\",\"name\":\"Talentorbit\",\"url\":\"https:\\\/\\\/www.talentorbit.de\\\/\",\"logo\":{\"@type\":\"ImageObject\",\"inLanguage\":\"en-US\",\"@id\":\"https:\\\/\\\/www.talentorbit.de\\\/#\\\/schema\\\/logo\\\/image\\\/\",\"url\":\"https:\\\/\\\/www.talentorbit.de\\\/wp-content\\\/uploads\\\/logo.webp\",\"contentUrl\":\"https:\\\/\\\/www.talentorbit.de\\\/wp-content\\\/uploads\\\/logo.webp\",\"width\":157,\"height\":42,\"caption\":\"Talentorbit\"},\"image\":{\"@id\":\"https:\\\/\\\/www.talentorbit.de\\\/#\\\/schema\\\/logo\\\/image\\\/\"}}]}<\/script>\n<!-- \/ Yoast SEO plugin. -->","yoast_head_json":{"title":"Download - TalentOrbit","description":"Download important checklists &amp; guidelines for the placement of nursing staff here. Get expert tips for a fast skilled worker process!","robots":{"index":"index","follow":"follow","max-snippet":"max-snippet:-1","max-image-preview":"max-image-preview:large","max-video-preview":"max-video-preview:-1"},"canonical":"https:\/\/www.talentorbit.de\/en\/download\/","og_locale":"en_US","og_type":"article","og_title":"Download - TalentOrbit","og_description":"Hier wichtige Checklisten & Leitf\u00e4den zur Pflegekr\u00e4fte-Vermittlung herunterladen. Sichern Sie sich Experten-Tipps f\u00fcr ein schnelles Fachkr\u00e4fteverfahren!","og_url":"https:\/\/www.talentorbit.de\/en\/download\/","og_site_name":"TalentOrbit","article_modified_time":"2026-04-10T11:55:59+00:00","og_image":[{"width":600,"height":166,"url":"https:\/\/www.talentorbit.de\/wp-content\/uploads\/logo-gross.png","type":"image\/png"}],"twitter_card":"summary_large_image","twitter_misc":{"Est. reading time":"1 minute"},"schema":{"@context":"https:\/\/schema.org","@graph":[{"@type":"WebPage","@id":"https:\/\/www.talentorbit.de\/download\/","url":"https:\/\/www.talentorbit.de\/download\/","name":"Download - TalentOrbit","isPartOf":{"@id":"https:\/\/www.talentorbit.de\/#website"},"datePublished":"2025-08-03T11:29:18+00:00","dateModified":"2026-04-10T11:55:59+00:00","description":"Download important checklists &amp; guidelines for the placement of nursing staff here. Get expert tips for a fast skilled worker process!","breadcrumb":{"@id":"https:\/\/www.talentorbit.de\/download\/#breadcrumb"},"inLanguage":"en-US","potentialAction":[{"@type":"ReadAction","target":["https:\/\/www.talentorbit.de\/download\/"]}]},{"@type":"BreadcrumbList","@id":"https:\/\/www.talentorbit.de\/download\/#breadcrumb","itemListElement":[{"@type":"ListItem","position":1,"name":"Home","item":"https:\/\/www.talentorbit.de\/"},{"@type":"ListItem","position":2,"name":"Download"}]},{"@type":"WebSite","@id":"https:\/\/www.talentorbit.de\/#website","url":"https:\/\/www.talentorbit.de\/","name":"TalentOrbit","description":"","publisher":{"@id":"https:\/\/www.talentorbit.de\/#organization"},"potentialAction":[{"@type":"SearchAction","target":{"@type":"EntryPoint","urlTemplate":"https:\/\/www.talentorbit.de\/?s={search_term_string}"},"query-input":{"@type":"PropertyValueSpecification","valueRequired":true,"valueName":"search_term_string"}}],"inLanguage":"en-US"},{"@type":"Organization","@id":"https:\/\/www.talentorbit.de\/#organization","name":"Talent orbit","url":"https:\/\/www.talentorbit.de\/","logo":{"@type":"ImageObject","inLanguage":"en-US","@id":"https:\/\/www.talentorbit.de\/#\/schema\/logo\/image\/","url":"https:\/\/www.talentorbit.de\/wp-content\/uploads\/logo.webp","contentUrl":"https:\/\/www.talentorbit.de\/wp-content\/uploads\/logo.webp","width":157,"height":42,"caption":"Talentorbit"},"image":{"@id":"https:\/\/www.talentorbit.de\/#\/schema\/logo\/image\/"}}]}},"_links":{"self":[{"href":"https:\/\/www.talentorbit.de\/en\/wp-json\/wp\/v2\/pages\/18","targetHints":{"allow":["GET"]}}],"collection":[{"href":"https:\/\/www.talentorbit.de\/en\/wp-json\/wp\/v2\/pages"}],"about":[{"href":"https:\/\/www.talentorbit.de\/en\/wp-json\/wp\/v2\/types\/page"}],"author":[{"embeddable":true,"href":"https:\/\/www.talentorbit.de\/en\/wp-json\/wp\/v2\/users\/1"}],"replies":[{"embeddable":true,"href":"https:\/\/www.talentorbit.de\/en\/wp-json\/wp\/v2\/comments?post=18"}],"version-history":[{"count":17,"href":"https:\/\/www.talentorbit.de\/en\/wp-json\/wp\/v2\/pages\/18\/revisions"}],"predecessor-version":[{"id":1008,"href":"https:\/\/www.talentorbit.de\/en\/wp-json\/wp\/v2\/pages\/18\/revisions\/1008"}],"wp:attachment":[{"href":"https:\/\/www.talentorbit.de\/en\/wp-json\/wp\/v2\/media?parent=18"}],"curies":[{"name":"wp","href":"https:\/\/api.w.org\/{rel}","templated":true}]}}